{"id":9891,"date":"2026-05-11T09:27:03","date_gmt":"2026-05-11T14:27:03","guid":{"rendered":"https:\/\/amigosfulbright.org\/?post_type=product&#038;p=9891"},"modified":"2026-05-11T17:58:46","modified_gmt":"2026-05-11T22:58:46","slug":"writing-speaking-estudiante","status":"publish","type":"product","link":"https:\/\/amigosfulbright.org\/en\/product\/writing-speaking-estudiante\/","title":{"rendered":"Simulacros pr\u00e1cticos Writing+Speaking &#8211; Plan Estudiante"},"content":{"rendered":"<div>\n<p><strong>Simulacros pr\u00e1cticos Writing + Speaking \u2013 Plan Estudiante<\/strong> es una soluci\u00f3n dise\u00f1ada para que los candidatos a ex\u00e1menes TOEFL (tanto ITP como iBT u otros ex\u00e1menes internacionales de ingl\u00e9s) practiquen de forma guiada y constante sus habilidades de <strong>escritura y expresi\u00f3n oral<\/strong>, en un entorno controlado, pedag\u00f3gico y alineado con situaciones reales de uso del idioma.<\/p>\n<p>El plan ofrece <strong>actividades pr\u00e1cticas estructuradas<\/strong> que permiten al estudiante desarrollar confianza, fluidez y precisi\u00f3n tanto en <strong>producci\u00f3n escrita (Writing)<\/strong> como en <strong>producci\u00f3n oral (Speaking)<\/strong>, recibiendo retroalimentaci\u00f3n inteligente inmediata que favorece el aprendizaje progresivo.<\/p>\n<hr \/>\n<h3>\u2705 \u00bfQu\u00e9 incluye el Plan Estudiante?<\/h3>\n<ul>\n<li>\ud83d\udde3 <strong>4 Pr\u00e1cticas de Speaking guiadas<\/strong><br \/>\nEjercicios de expresi\u00f3n oral de aproximadamente un minuto, basados en temas comunicativos frecuentes, dise\u00f1ados para fortalecer la fluidez, pronunciaci\u00f3n y coherencia del discurso.<\/li>\n<li>\u270d\ufe0f <strong>4 Pr\u00e1cticas de Writing guiadas<\/strong><br \/>\nActividades de escritura enfocadas en la construcci\u00f3n de respuestas claras, organizadas y adecuadas al contexto, promoviendo el uso correcto del vocabulario y la estructura del idioma.<\/li>\n<li>\ud83d\udcca <strong>Retroalimentaci\u00f3n inmediata en cada pr\u00e1ctica<\/strong><br \/>\nCada simulacro est\u00e1 acompa\u00f1ado de comentarios que ayudan al candidato a identificar oportunidades de mejora y reforzar sus fortalezas.<\/li>\n<li>\ud83d\udd01 <strong>Enfoque en la pr\u00e1ctica constante<\/strong><br \/>\nEl plan fomenta la repetici\u00f3n consciente y el aprendizaje activo, integrando writing y speaking como parte natural del proceso formativo.<\/li>\n<\/ul>\n<p>NOTA: En la opci\u00f3n de c\u00f3digo puedes seleccionar cualquiera del listado, all\u00ed se te mostrar\u00e1 si est\u00e1 disponible para agregar al carrito o si esta ya no est\u00e1 disponible. Se actualiza constantemente el listado de manera que siempre hay opciones con disponibilidad de compra.<\/p>\n<\/div>\n","protected":false},"excerpt":{"rendered":"<p>Simulacros pr\u00e1cticos Writing + Speaking \u2013 Plan Estudiante es una soluci\u00f3n dise\u00f1ada para que los candidatos a ex\u00e1menes TOEFL (tanto ITP como iBT u otros ex\u00e1menes internacionales de ingl\u00e9s) practiquen de forma guiada y constante sus habilidades de escritura y expresi\u00f3n oral, en un entorno controlado, pedag\u00f3gico y alineado con situaciones reales de uso del [&hellip;]<\/p>\n","protected":false},"featured_media":294,"template":"","meta":{"_acf_changed":false,"_joinchat":[]},"product_brand":[],"product_cat":[68,66,64,67],"product_tag":[],"class_list":{"0":"post-9891","1":"product","2":"type-product","3":"status-publish","4":"has-post-thumbnail","6":"product_cat-examenes-internacionales","7":"product_cat-ibt","8":"product_cat-recursos-de-apoyo","9":"product_cat-servicios-adicionales","11":"first","12":"instock","13":"sold-individually","14":"shipping-taxable","15":"purchasable","16":"product-type-variable"},"acf":[],"yoast_head":"<!-- This site is optimized with the Yoast SEO plugin v27.5 - https:\/\/yoast.com\/product\/yoast-seo-wordpress\/ -->\n<title>Simulacros pr\u00e1cticos Writing+Speaking - Plan Estudiante - amigosfulbright.org<\/title>\n<meta name=\"robots\" content=\"index, follow, max-snippet:-1, max-image-preview:large, max-video-preview:-1\" \/>\n<link rel=\"canonical\" href=\"https:\/\/amigosfulbright.org\/en\/product\/writing-speaking-estudiante\/\" \/>\n<meta property=\"og:locale\" content=\"en_US\" \/>\n<meta property=\"og:type\" content=\"article\" \/>\n<meta property=\"og:title\" content=\"Simulacros pr\u00e1cticos Writing+Speaking - Plan Estudiante - amigosfulbright.org\" \/>\n<meta property=\"og:description\" content=\"Simulacros pr\u00e1cticos Writing + Speaking \u2013 Plan Estudiante es una soluci\u00f3n dise\u00f1ada para que los candidatos a ex\u00e1menes TOEFL (tanto ITP como iBT u otros ex\u00e1menes internacionales de ingl\u00e9s) practiquen de forma guiada y constante sus habilidades de escritura y expresi\u00f3n oral, en un entorno controlado, pedag\u00f3gico y alineado con situaciones reales de uso del [&hellip;]\" \/>\n<meta property=\"og:url\" content=\"https:\/\/amigosfulbright.org\/en\/product\/writing-speaking-estudiante\/\" \/>\n<meta property=\"og:site_name\" content=\"amigosfulbright.org\" \/>\n<meta property=\"article:modified_time\" content=\"2026-05-11T22:58:46+00:00\" \/>\n<meta property=\"og:image\" content=\"https:\/\/amigosfulbright.org\/wp-content\/uploads\/2024\/12\/Puedes-contactarnos-Fundacion.png\" \/>\n\t<meta property=\"og:image:width\" content=\"796\" \/>\n\t<meta property=\"og:image:height\" content=\"509\" \/>\n\t<meta property=\"og:image:type\" content=\"image\/png\" \/>\n<meta name=\"twitter:card\" content=\"summary_large_image\" \/>\n<meta name=\"twitter:label1\" content=\"Est. reading time\" \/>\n\t<meta name=\"twitter:data1\" content=\"1 minute\" \/>\n<script type=\"application\/ld+json\" class=\"yoast-schema-graph\">{\"@context\":\"https:\\\/\\\/schema.org\",\"@graph\":[{\"@type\":\"WebPage\",\"@id\":\"https:\\\/\\\/amigosfulbright.org\\\/en\\\/product\\\/writing-speaking-estudiante\\\/\",\"url\":\"https:\\\/\\\/amigosfulbright.org\\\/en\\\/product\\\/writing-speaking-estudiante\\\/\",\"name\":\"Simulacros pr\u00e1cticos Writing+Speaking - Plan Estudiante - amigosfulbright.org\",\"isPartOf\":{\"@id\":\"https:\\\/\\\/amigosfulbright.org\\\/en\\\/#website\"},\"primaryImageOfPage\":{\"@id\":\"https:\\\/\\\/amigosfulbright.org\\\/en\\\/product\\\/writing-speaking-estudiante\\\/#primaryimage\"},\"image\":{\"@id\":\"https:\\\/\\\/amigosfulbright.org\\\/en\\\/product\\\/writing-speaking-estudiante\\\/#primaryimage\"},\"thumbnailUrl\":\"https:\\\/\\\/amigosfulbright.org\\\/wp-content\\\/uploads\\\/2024\\\/12\\\/Puedes-contactarnos-Fundacion.png\",\"datePublished\":\"2026-05-11T14:27:03+00:00\",\"dateModified\":\"2026-05-11T22:58:46+00:00\",\"breadcrumb\":{\"@id\":\"https:\\\/\\\/amigosfulbright.org\\\/en\\\/product\\\/writing-speaking-estudiante\\\/#breadcrumb\"},\"inLanguage\":\"en-US\",\"potentialAction\":[{\"@type\":\"ReadAction\",\"target\":[\"https:\\\/\\\/amigosfulbright.org\\\/en\\\/product\\\/writing-speaking-estudiante\\\/\"]}]},{\"@type\":\"ImageObject\",\"inLanguage\":\"en-US\",\"@id\":\"https:\\\/\\\/amigosfulbright.org\\\/en\\\/product\\\/writing-speaking-estudiante\\\/#primaryimage\",\"url\":\"https:\\\/\\\/amigosfulbright.org\\\/wp-content\\\/uploads\\\/2024\\\/12\\\/Puedes-contactarnos-Fundacion.png\",\"contentUrl\":\"https:\\\/\\\/amigosfulbright.org\\\/wp-content\\\/uploads\\\/2024\\\/12\\\/Puedes-contactarnos-Fundacion.png\",\"width\":796,\"height\":509,\"caption\":\"Puedes contactarnos Fundacion\"},{\"@type\":\"BreadcrumbList\",\"@id\":\"https:\\\/\\\/amigosfulbright.org\\\/en\\\/product\\\/writing-speaking-estudiante\\\/#breadcrumb\",\"itemListElement\":[{\"@type\":\"ListItem\",\"position\":1,\"name\":\"Inicio\",\"item\":\"https:\\\/\\\/amigosfulbright.org\\\/en\\\/home\\\/\"},{\"@type\":\"ListItem\",\"position\":2,\"name\":\"Shop\",\"item\":\"https:\\\/\\\/amigosfulbright.org\\\/en\\\/shop\\\/\"},{\"@type\":\"ListItem\",\"position\":3,\"name\":\"Simulacros pr\u00e1cticos Writing+Speaking &#8211; Plan Estudiante\"}]},{\"@type\":\"WebSite\",\"@id\":\"https:\\\/\\\/amigosfulbright.org\\\/en\\\/#website\",\"url\":\"https:\\\/\\\/amigosfulbright.org\\\/en\\\/\",\"name\":\"amigosfulbright.org\",\"description\":\"\",\"potentialAction\":[{\"@type\":\"SearchAction\",\"target\":{\"@type\":\"EntryPoint\",\"urlTemplate\":\"https:\\\/\\\/amigosfulbright.org\\\/en\\\/?s={search_term_string}\"},\"query-input\":{\"@type\":\"PropertyValueSpecification\",\"valueRequired\":true,\"valueName\":\"search_term_string\"}}],\"inLanguage\":\"en-US\"}]}<\/script>\n<!-- \/ Yoast SEO plugin. -->","yoast_head_json":{"title":"Simulacros pr\u00e1cticos Writing+Speaking - Plan Estudiante - amigosfulbright.org","robots":{"index":"index","follow":"follow","max-snippet":"max-snippet:-1","max-image-preview":"max-image-preview:large","max-video-preview":"max-video-preview:-1"},"canonical":"https:\/\/amigosfulbright.org\/en\/product\/writing-speaking-estudiante\/","og_locale":"en_US","og_type":"article","og_title":"Simulacros pr\u00e1cticos Writing+Speaking - Plan Estudiante - amigosfulbright.org","og_description":"Simulacros pr\u00e1cticos Writing + Speaking \u2013 Plan Estudiante es una soluci\u00f3n dise\u00f1ada para que los candidatos a ex\u00e1menes TOEFL (tanto ITP como iBT u otros ex\u00e1menes internacionales de ingl\u00e9s) practiquen de forma guiada y constante sus habilidades de escritura y expresi\u00f3n oral, en un entorno controlado, pedag\u00f3gico y alineado con situaciones reales de uso del [&hellip;]","og_url":"https:\/\/amigosfulbright.org\/en\/product\/writing-speaking-estudiante\/","og_site_name":"amigosfulbright.org","article_modified_time":"2026-05-11T22:58:46+00:00","og_image":[{"width":796,"height":509,"url":"https:\/\/amigosfulbright.org\/wp-content\/uploads\/2024\/12\/Puedes-contactarnos-Fundacion.png","type":"image\/png"}],"twitter_card":"summary_large_image","twitter_misc":{"Est. reading time":"1 minute"},"schema":{"@context":"https:\/\/schema.org","@graph":[{"@type":"WebPage","@id":"https:\/\/amigosfulbright.org\/en\/product\/writing-speaking-estudiante\/","url":"https:\/\/amigosfulbright.org\/en\/product\/writing-speaking-estudiante\/","name":"Simulacros pr\u00e1cticos Writing+Speaking - Plan Estudiante - amigosfulbright.org","isPartOf":{"@id":"https:\/\/amigosfulbright.org\/en\/#website"},"primaryImageOfPage":{"@id":"https:\/\/amigosfulbright.org\/en\/product\/writing-speaking-estudiante\/#primaryimage"},"image":{"@id":"https:\/\/amigosfulbright.org\/en\/product\/writing-speaking-estudiante\/#primaryimage"},"thumbnailUrl":"https:\/\/amigosfulbright.org\/wp-content\/uploads\/2024\/12\/Puedes-contactarnos-Fundacion.png","datePublished":"2026-05-11T14:27:03+00:00","dateModified":"2026-05-11T22:58:46+00:00","breadcrumb":{"@id":"https:\/\/amigosfulbright.org\/en\/product\/writing-speaking-estudiante\/#breadcrumb"},"inLanguage":"en-US","potentialAction":[{"@type":"ReadAction","target":["https:\/\/amigosfulbright.org\/en\/product\/writing-speaking-estudiante\/"]}]},{"@type":"ImageObject","inLanguage":"en-US","@id":"https:\/\/amigosfulbright.org\/en\/product\/writing-speaking-estudiante\/#primaryimage","url":"https:\/\/amigosfulbright.org\/wp-content\/uploads\/2024\/12\/Puedes-contactarnos-Fundacion.png","contentUrl":"https:\/\/amigosfulbright.org\/wp-content\/uploads\/2024\/12\/Puedes-contactarnos-Fundacion.png","width":796,"height":509,"caption":"Puedes contactarnos Fundacion"},{"@type":"BreadcrumbList","@id":"https:\/\/amigosfulbright.org\/en\/product\/writing-speaking-estudiante\/#breadcrumb","itemListElement":[{"@type":"ListItem","position":1,"name":"Inicio","item":"https:\/\/amigosfulbright.org\/en\/home\/"},{"@type":"ListItem","position":2,"name":"Shop","item":"https:\/\/amigosfulbright.org\/en\/shop\/"},{"@type":"ListItem","position":3,"name":"Simulacros pr\u00e1cticos Writing+Speaking &#8211; Plan Estudiante"}]},{"@type":"WebSite","@id":"https:\/\/amigosfulbright.org\/en\/#website","url":"https:\/\/amigosfulbright.org\/en\/","name":"amigosfulbright.org","description":"","potentialAction":[{"@type":"SearchAction","target":{"@type":"EntryPoint","urlTemplate":"https:\/\/amigosfulbright.org\/en\/?s={search_term_string}"},"query-input":{"@type":"PropertyValueSpecification","valueRequired":true,"valueName":"search_term_string"}}],"inLanguage":"en-US"}]}},"_links":{"self":[{"href":"https:\/\/amigosfulbright.org\/en\/wp-json\/wp\/v2\/product\/9891","targetHints":{"allow":["GET"]}}],"collection":[{"href":"https:\/\/amigosfulbright.org\/en\/wp-json\/wp\/v2\/product"}],"about":[{"href":"https:\/\/amigosfulbright.org\/en\/wp-json\/wp\/v2\/types\/product"}],"wp:featuredmedia":[{"embeddable":true,"href":"https:\/\/amigosfulbright.org\/en\/wp-json\/wp\/v2\/media\/294"}],"wp:attachment":[{"href":"https:\/\/amigosfulbright.org\/en\/wp-json\/wp\/v2\/media?parent=9891"}],"wp:term":[{"taxonomy":"product_brand","embeddable":true,"href":"https:\/\/amigosfulbright.org\/en\/wp-json\/wp\/v2\/product_brand?post=9891"},{"taxonomy":"product_cat","embeddable":true,"href":"https:\/\/amigosfulbright.org\/en\/wp-json\/wp\/v2\/product_cat?post=9891"},{"taxonomy":"product_tag","embeddable":true,"href":"https:\/\/amigosfulbright.org\/en\/wp-json\/wp\/v2\/product_tag?post=9891"}],"curies":[{"name":"wp","href":"https:\/\/api.w.org\/{rel}","templated":true}]}}