{"id":9818,"date":"2026-05-09T13:46:37","date_gmt":"2026-05-09T18:46:37","guid":{"rendered":"https:\/\/amigosfulbright.org\/?post_type=product&#038;p=9818"},"modified":"2026-05-09T13:46:37","modified_gmt":"2026-05-09T18:46:37","slug":"recursos-de-apoyo-simulacro-curso-de-preparacion-toefl-ibt","status":"publish","type":"product","link":"https:\/\/amigosfulbright.org\/en\/product\/recursos-de-apoyo-simulacro-curso-de-preparacion-toefl-ibt\/","title":{"rendered":"Recursos de apoyo: Simulacro + curso de preparaci\u00f3n TOEFL iBT"},"content":{"rendered":"<div style=\"width: 480px;\" class=\"wp-video\"><video class=\"wp-video-shortcode\" id=\"video-9818-1\" width=\"480\" height=\"270\" preload=\"metadata\" controls=\"controls\"><source type=\"video\/mp4\" src=\"https:\/\/amigosfulbright.org\/wp-content\/uploads\/2025\/08\/Presentacion-Recursos-de-Apoyo.mp4?_=1\" \/><a href=\"https:\/\/amigosfulbright.org\/wp-content\/uploads\/2025\/08\/Presentacion-Recursos-de-Apoyo.mp4\">https:\/\/amigosfulbright.org\/wp-content\/uploads\/2025\/08\/Presentacion-Recursos-de-Apoyo.mp4<\/a><\/video><\/div>\n<p>Con este recurso de apoyo tendr\u00e1s acceso a Ex\u00e1menes simulacro de ETS para conocer el examen TOEFL iBT, adem\u00e1s contar\u00e1s con acceso a los simulacros por habilidad de la Fundaci\u00f3n Amigos de Fulbright (habilidades como Listening y Reading se pueden realizar varias veces con calificaci\u00f3n inmediata, las habilidades de Writing y Speaking cuentan con calificaci\u00f3n y retroalimentaci\u00f3n inteligente en tiempos muy cortos de 1 a 3 minutos) y a un MOOC para preparaci\u00f3n de ex\u00e1menes internacionales con enfoque a la familia de ex\u00e1menes TOEFL de ETS.<\/p>\n<p>Curso MOOC: tiempo estimado de realizaci\u00f3n 10 horas.<\/p>\n<p>*El MOOC es totalmente autogestionado, disponible las 24 horas, no cuenta con docente ni trabajos calificables.<\/p>\n<p>Desde el momento en que realiza la compra recibir\u00e1 un enlace a un PDF de instrucciones para el acceso inmediato a los recursos de apoyo, igualmente, cuando el tiempo l\u00edmite de acceso a los recursos finalice (se pase de la fecha seleccionada a comprar en las opciones), no se podr\u00e1n acceder a estos nuevamente.<\/p>\n<p>Tiempo disponible de acceso despu\u00e9s de finalizar la compra: 60 d\u00edas calendario.<\/p>\n<p>NOTA: Puedes seleccionar cualquiera de los c\u00f3digos listados.<\/p>\n","protected":false},"excerpt":{"rendered":"<p>Con este recurso de apoyo tendr\u00e1s acceso a Ex\u00e1menes simulacro de ETS para conocer el examen TOEFL iBT, adem\u00e1s contar\u00e1s con acceso a los simulacros por habilidad de la Fundaci\u00f3n Amigos de Fulbright (habilidades como Listening y Reading se pueden realizar varias veces con calificaci\u00f3n inmediata, las habilidades de Writing y Speaking cuentan con calificaci\u00f3n [&hellip;]<\/p>\n","protected":false},"featured_media":294,"template":"","meta":{"_acf_changed":false,"_joinchat":[]},"product_brand":[],"product_cat":[66,64],"product_tag":[],"class_list":{"0":"post-9818","1":"product","2":"type-product","3":"status-publish","4":"has-post-thumbnail","6":"product_cat-ibt","7":"product_cat-recursos-de-apoyo","9":"first","10":"instock","11":"sold-individually","12":"shipping-taxable","13":"purchasable","14":"product-type-variable"},"acf":[],"yoast_head":"<!-- This site is optimized with the Yoast SEO plugin v27.5 - https:\/\/yoast.com\/product\/yoast-seo-wordpress\/ -->\n<title>Recursos de apoyo: Simulacro + curso de preparaci\u00f3n TOEFL iBT - amigosfulbright.org<\/title>\n<meta name=\"robots\" content=\"index, follow, max-snippet:-1, max-image-preview:large, max-video-preview:-1\" \/>\n<link rel=\"canonical\" href=\"https:\/\/amigosfulbright.org\/en\/product\/recursos-de-apoyo-simulacro-curso-de-preparacion-toefl-ibt\/\" \/>\n<meta property=\"og:locale\" content=\"en_US\" \/>\n<meta property=\"og:type\" content=\"article\" \/>\n<meta property=\"og:title\" content=\"Recursos de apoyo: Simulacro + curso de preparaci\u00f3n TOEFL iBT - amigosfulbright.org\" \/>\n<meta property=\"og:description\" content=\"Con este recurso de apoyo tendr\u00e1s acceso a Ex\u00e1menes simulacro de ETS para conocer el examen TOEFL iBT, adem\u00e1s contar\u00e1s con acceso a los simulacros por habilidad de la Fundaci\u00f3n Amigos de Fulbright (habilidades como Listening y Reading se pueden realizar varias veces con calificaci\u00f3n inmediata, las habilidades de Writing y Speaking cuentan con calificaci\u00f3n [&hellip;]\" \/>\n<meta property=\"og:url\" content=\"https:\/\/amigosfulbright.org\/en\/product\/recursos-de-apoyo-simulacro-curso-de-preparacion-toefl-ibt\/\" \/>\n<meta property=\"og:site_name\" content=\"amigosfulbright.org\" \/>\n<meta property=\"og:image\" content=\"https:\/\/amigosfulbright.org\/wp-content\/uploads\/2024\/12\/Puedes-contactarnos-Fundacion.png\" \/>\n\t<meta property=\"og:image:width\" content=\"796\" \/>\n\t<meta property=\"og:image:height\" content=\"509\" \/>\n\t<meta property=\"og:image:type\" content=\"image\/png\" \/>\n<meta name=\"twitter:card\" content=\"summary_large_image\" \/>\n<meta name=\"twitter:label1\" content=\"Est. reading time\" \/>\n\t<meta name=\"twitter:data1\" content=\"1 minute\" \/>\n<script type=\"application\/ld+json\" class=\"yoast-schema-graph\">{\"@context\":\"https:\\\/\\\/schema.org\",\"@graph\":[{\"@type\":\"WebPage\",\"@id\":\"https:\\\/\\\/amigosfulbright.org\\\/en\\\/product\\\/recursos-de-apoyo-simulacro-curso-de-preparacion-toefl-ibt\\\/\",\"url\":\"https:\\\/\\\/amigosfulbright.org\\\/en\\\/product\\\/recursos-de-apoyo-simulacro-curso-de-preparacion-toefl-ibt\\\/\",\"name\":\"Recursos de apoyo: Simulacro + curso de preparaci\u00f3n TOEFL iBT - amigosfulbright.org\",\"isPartOf\":{\"@id\":\"https:\\\/\\\/amigosfulbright.org\\\/en\\\/#website\"},\"primaryImageOfPage\":{\"@id\":\"https:\\\/\\\/amigosfulbright.org\\\/en\\\/product\\\/recursos-de-apoyo-simulacro-curso-de-preparacion-toefl-ibt\\\/#primaryimage\"},\"image\":{\"@id\":\"https:\\\/\\\/amigosfulbright.org\\\/en\\\/product\\\/recursos-de-apoyo-simulacro-curso-de-preparacion-toefl-ibt\\\/#primaryimage\"},\"thumbnailUrl\":\"https:\\\/\\\/amigosfulbright.org\\\/wp-content\\\/uploads\\\/2024\\\/12\\\/Puedes-contactarnos-Fundacion.png\",\"datePublished\":\"2026-05-09T18:46:37+00:00\",\"breadcrumb\":{\"@id\":\"https:\\\/\\\/amigosfulbright.org\\\/en\\\/product\\\/recursos-de-apoyo-simulacro-curso-de-preparacion-toefl-ibt\\\/#breadcrumb\"},\"inLanguage\":\"en-US\",\"potentialAction\":[{\"@type\":\"ReadAction\",\"target\":[\"https:\\\/\\\/amigosfulbright.org\\\/en\\\/product\\\/recursos-de-apoyo-simulacro-curso-de-preparacion-toefl-ibt\\\/\"]}]},{\"@type\":\"ImageObject\",\"inLanguage\":\"en-US\",\"@id\":\"https:\\\/\\\/amigosfulbright.org\\\/en\\\/product\\\/recursos-de-apoyo-simulacro-curso-de-preparacion-toefl-ibt\\\/#primaryimage\",\"url\":\"https:\\\/\\\/amigosfulbright.org\\\/wp-content\\\/uploads\\\/2024\\\/12\\\/Puedes-contactarnos-Fundacion.png\",\"contentUrl\":\"https:\\\/\\\/amigosfulbright.org\\\/wp-content\\\/uploads\\\/2024\\\/12\\\/Puedes-contactarnos-Fundacion.png\",\"width\":796,\"height\":509,\"caption\":\"Puedes contactarnos Fundacion\"},{\"@type\":\"BreadcrumbList\",\"@id\":\"https:\\\/\\\/amigosfulbright.org\\\/en\\\/product\\\/recursos-de-apoyo-simulacro-curso-de-preparacion-toefl-ibt\\\/#breadcrumb\",\"itemListElement\":[{\"@type\":\"ListItem\",\"position\":1,\"name\":\"Inicio\",\"item\":\"https:\\\/\\\/amigosfulbright.org\\\/en\\\/home\\\/\"},{\"@type\":\"ListItem\",\"position\":2,\"name\":\"Shop\",\"item\":\"https:\\\/\\\/amigosfulbright.org\\\/en\\\/shop\\\/\"},{\"@type\":\"ListItem\",\"position\":3,\"name\":\"Recursos de apoyo: Simulacro + curso de preparaci\u00f3n TOEFL iBT\"}]},{\"@type\":\"WebSite\",\"@id\":\"https:\\\/\\\/amigosfulbright.org\\\/en\\\/#website\",\"url\":\"https:\\\/\\\/amigosfulbright.org\\\/en\\\/\",\"name\":\"amigosfulbright.org\",\"description\":\"\",\"potentialAction\":[{\"@type\":\"SearchAction\",\"target\":{\"@type\":\"EntryPoint\",\"urlTemplate\":\"https:\\\/\\\/amigosfulbright.org\\\/en\\\/?s={search_term_string}\"},\"query-input\":{\"@type\":\"PropertyValueSpecification\",\"valueRequired\":true,\"valueName\":\"search_term_string\"}}],\"inLanguage\":\"en-US\"}]}<\/script>\n<!-- \/ Yoast SEO plugin. -->","yoast_head_json":{"title":"Recursos de apoyo: Simulacro + curso de preparaci\u00f3n TOEFL iBT - amigosfulbright.org","robots":{"index":"index","follow":"follow","max-snippet":"max-snippet:-1","max-image-preview":"max-image-preview:large","max-video-preview":"max-video-preview:-1"},"canonical":"https:\/\/amigosfulbright.org\/en\/product\/recursos-de-apoyo-simulacro-curso-de-preparacion-toefl-ibt\/","og_locale":"en_US","og_type":"article","og_title":"Recursos de apoyo: Simulacro + curso de preparaci\u00f3n TOEFL iBT - amigosfulbright.org","og_description":"Con este recurso de apoyo tendr\u00e1s acceso a Ex\u00e1menes simulacro de ETS para conocer el examen TOEFL iBT, adem\u00e1s contar\u00e1s con acceso a los simulacros por habilidad de la Fundaci\u00f3n Amigos de Fulbright (habilidades como Listening y Reading se pueden realizar varias veces con calificaci\u00f3n inmediata, las habilidades de Writing y Speaking cuentan con calificaci\u00f3n [&hellip;]","og_url":"https:\/\/amigosfulbright.org\/en\/product\/recursos-de-apoyo-simulacro-curso-de-preparacion-toefl-ibt\/","og_site_name":"amigosfulbright.org","og_image":[{"width":796,"height":509,"url":"https:\/\/amigosfulbright.org\/wp-content\/uploads\/2024\/12\/Puedes-contactarnos-Fundacion.png","type":"image\/png"}],"twitter_card":"summary_large_image","twitter_misc":{"Est. reading time":"1 minute"},"schema":{"@context":"https:\/\/schema.org","@graph":[{"@type":"WebPage","@id":"https:\/\/amigosfulbright.org\/en\/product\/recursos-de-apoyo-simulacro-curso-de-preparacion-toefl-ibt\/","url":"https:\/\/amigosfulbright.org\/en\/product\/recursos-de-apoyo-simulacro-curso-de-preparacion-toefl-ibt\/","name":"Recursos de apoyo: Simulacro + curso de preparaci\u00f3n TOEFL iBT - amigosfulbright.org","isPartOf":{"@id":"https:\/\/amigosfulbright.org\/en\/#website"},"primaryImageOfPage":{"@id":"https:\/\/amigosfulbright.org\/en\/product\/recursos-de-apoyo-simulacro-curso-de-preparacion-toefl-ibt\/#primaryimage"},"image":{"@id":"https:\/\/amigosfulbright.org\/en\/product\/recursos-de-apoyo-simulacro-curso-de-preparacion-toefl-ibt\/#primaryimage"},"thumbnailUrl":"https:\/\/amigosfulbright.org\/wp-content\/uploads\/2024\/12\/Puedes-contactarnos-Fundacion.png","datePublished":"2026-05-09T18:46:37+00:00","breadcrumb":{"@id":"https:\/\/amigosfulbright.org\/en\/product\/recursos-de-apoyo-simulacro-curso-de-preparacion-toefl-ibt\/#breadcrumb"},"inLanguage":"en-US","potentialAction":[{"@type":"ReadAction","target":["https:\/\/amigosfulbright.org\/en\/product\/recursos-de-apoyo-simulacro-curso-de-preparacion-toefl-ibt\/"]}]},{"@type":"ImageObject","inLanguage":"en-US","@id":"https:\/\/amigosfulbright.org\/en\/product\/recursos-de-apoyo-simulacro-curso-de-preparacion-toefl-ibt\/#primaryimage","url":"https:\/\/amigosfulbright.org\/wp-content\/uploads\/2024\/12\/Puedes-contactarnos-Fundacion.png","contentUrl":"https:\/\/amigosfulbright.org\/wp-content\/uploads\/2024\/12\/Puedes-contactarnos-Fundacion.png","width":796,"height":509,"caption":"Puedes contactarnos Fundacion"},{"@type":"BreadcrumbList","@id":"https:\/\/amigosfulbright.org\/en\/product\/recursos-de-apoyo-simulacro-curso-de-preparacion-toefl-ibt\/#breadcrumb","itemListElement":[{"@type":"ListItem","position":1,"name":"Inicio","item":"https:\/\/amigosfulbright.org\/en\/home\/"},{"@type":"ListItem","position":2,"name":"Shop","item":"https:\/\/amigosfulbright.org\/en\/shop\/"},{"@type":"ListItem","position":3,"name":"Recursos de apoyo: Simulacro + curso de preparaci\u00f3n TOEFL iBT"}]},{"@type":"WebSite","@id":"https:\/\/amigosfulbright.org\/en\/#website","url":"https:\/\/amigosfulbright.org\/en\/","name":"amigosfulbright.org","description":"","potentialAction":[{"@type":"SearchAction","target":{"@type":"EntryPoint","urlTemplate":"https:\/\/amigosfulbright.org\/en\/?s={search_term_string}"},"query-input":{"@type":"PropertyValueSpecification","valueRequired":true,"valueName":"search_term_string"}}],"inLanguage":"en-US"}]}},"_links":{"self":[{"href":"https:\/\/amigosfulbright.org\/en\/wp-json\/wp\/v2\/product\/9818","targetHints":{"allow":["GET"]}}],"collection":[{"href":"https:\/\/amigosfulbright.org\/en\/wp-json\/wp\/v2\/product"}],"about":[{"href":"https:\/\/amigosfulbright.org\/en\/wp-json\/wp\/v2\/types\/product"}],"wp:featuredmedia":[{"embeddable":true,"href":"https:\/\/amigosfulbright.org\/en\/wp-json\/wp\/v2\/media\/294"}],"wp:attachment":[{"href":"https:\/\/amigosfulbright.org\/en\/wp-json\/wp\/v2\/media?parent=9818"}],"wp:term":[{"taxonomy":"product_brand","embeddable":true,"href":"https:\/\/amigosfulbright.org\/en\/wp-json\/wp\/v2\/product_brand?post=9818"},{"taxonomy":"product_cat","embeddable":true,"href":"https:\/\/amigosfulbright.org\/en\/wp-json\/wp\/v2\/product_cat?post=9818"},{"taxonomy":"product_tag","embeddable":true,"href":"https:\/\/amigosfulbright.org\/en\/wp-json\/wp\/v2\/product_tag?post=9818"}],"curies":[{"name":"wp","href":"https:\/\/api.w.org\/{rel}","templated":true}]}}