{"id":8444,"date":"2026-02-12T15:24:27","date_gmt":"2026-02-12T20:24:27","guid":{"rendered":"https:\/\/amigosfulbright.org\/?post_type=product&#038;p=8444"},"modified":"2026-02-14T10:36:16","modified_gmt":"2026-02-14T15:36:16","slug":"reprogramacion-toefl-itp","status":"publish","type":"product","link":"https:\/\/amigosfulbright.org\/en\/product\/reprogramacion-toefl-itp\/","title":{"rendered":"Reprogramaci\u00f3n examen TOEFL ITP"},"content":{"rendered":"<p>Pago requerido para realizar la reprogramaci\u00f3n del examen TOEFL ITP luego de usar la opci\u00f3n de reprogramar sin costo por \u00fanica vez.<\/p>\n<p>Luego de realizada la compra por favor enviar el comprobante de pago al correo toefl@amigosfulbright.org<\/p>\n<p>Si tienes dudas puedes consultar nuestros <a href=\"https:\/\/drive.google.com\/file\/d\/1rBGGyqpE8Aycp9n41dTr4VYU6uJE5KSm\/view\">T\u00e9rminos y condiciones del examen TOEFL ITP.<\/a><\/p>\n","protected":false},"excerpt":{"rendered":"<p>Pago requerido para realizar la reprogramaci\u00f3n del examen TOEFL ITP luego de usar la opci\u00f3n de reprogramar sin costo por \u00fanica vez. Luego de realizada la compra por favor enviar el comprobante de pago al correo toefl@amigosfulbright.org Si tienes dudas puedes consultar nuestros T\u00e9rminos y condiciones del examen TOEFL ITP.<\/p>\n","protected":false},"featured_media":294,"template":"","meta":{"_acf_changed":false,"_joinchat":[]},"product_brand":[],"product_cat":[67],"product_tag":[],"class_list":{"0":"post-8444","1":"product","2":"type-product","3":"status-publish","4":"has-post-thumbnail","6":"product_cat-servicios-adicionales","8":"first","9":"instock","10":"virtual","11":"sold-individually","12":"purchasable","13":"product-type-simple"},"acf":[],"yoast_head":"<!-- This site is optimized with the Yoast SEO plugin v27.3 - https:\/\/yoast.com\/product\/yoast-seo-wordpress\/ -->\n<title>Reprogramaci\u00f3n examen TOEFL ITP - amigosfulbright.org<\/title>\n<meta name=\"robots\" content=\"index, follow, max-snippet:-1, max-image-preview:large, max-video-preview:-1\" \/>\n<link rel=\"canonical\" href=\"https:\/\/amigosfulbright.org\/en\/product\/reprogramacion-toefl-itp\/\" \/>\n<meta property=\"og:locale\" content=\"en_US\" \/>\n<meta property=\"og:type\" content=\"article\" \/>\n<meta property=\"og:title\" content=\"Reprogramaci\u00f3n examen TOEFL ITP - amigosfulbright.org\" \/>\n<meta property=\"og:description\" content=\"Pago requerido para realizar la reprogramaci\u00f3n del examen TOEFL ITP luego de usar la opci\u00f3n de reprogramar sin costo por \u00fanica vez. Luego de realizada la compra por favor enviar el comprobante de pago al correo toefl@amigosfulbright.org Si tienes dudas puedes consultar nuestros T\u00e9rminos y condiciones del examen TOEFL ITP.\" \/>\n<meta property=\"og:url\" content=\"https:\/\/amigosfulbright.org\/en\/product\/reprogramacion-toefl-itp\/\" \/>\n<meta property=\"og:site_name\" content=\"amigosfulbright.org\" \/>\n<meta property=\"article:modified_time\" content=\"2026-02-14T15:36:16+00:00\" \/>\n<meta property=\"og:image\" content=\"https:\/\/amigosfulbright.org\/wp-content\/uploads\/2024\/12\/Puedes-contactarnos-Fundacion.png\" \/>\n\t<meta property=\"og:image:width\" content=\"796\" \/>\n\t<meta property=\"og:image:height\" content=\"509\" \/>\n\t<meta property=\"og:image:type\" content=\"image\/png\" \/>\n<meta name=\"twitter:card\" content=\"summary_large_image\" \/>\n<meta name=\"twitter:label1\" content=\"Est. reading time\" \/>\n\t<meta name=\"twitter:data1\" content=\"1 minute\" \/>\n<script type=\"application\/ld+json\" class=\"yoast-schema-graph\">{\"@context\":\"https:\\\/\\\/schema.org\",\"@graph\":[{\"@type\":\"WebPage\",\"@id\":\"https:\\\/\\\/amigosfulbright.org\\\/en\\\/product\\\/reprogramacion-toefl-itp\\\/\",\"url\":\"https:\\\/\\\/amigosfulbright.org\\\/en\\\/product\\\/reprogramacion-toefl-itp\\\/\",\"name\":\"Reprogramaci\u00f3n examen TOEFL ITP - amigosfulbright.org\",\"isPartOf\":{\"@id\":\"https:\\\/\\\/amigosfulbright.org\\\/en\\\/#website\"},\"primaryImageOfPage\":{\"@id\":\"https:\\\/\\\/amigosfulbright.org\\\/en\\\/product\\\/reprogramacion-toefl-itp\\\/#primaryimage\"},\"image\":{\"@id\":\"https:\\\/\\\/amigosfulbright.org\\\/en\\\/product\\\/reprogramacion-toefl-itp\\\/#primaryimage\"},\"thumbnailUrl\":\"https:\\\/\\\/amigosfulbright.org\\\/wp-content\\\/uploads\\\/2024\\\/12\\\/Puedes-contactarnos-Fundacion.png\",\"datePublished\":\"2026-02-12T20:24:27+00:00\",\"dateModified\":\"2026-02-14T15:36:16+00:00\",\"breadcrumb\":{\"@id\":\"https:\\\/\\\/amigosfulbright.org\\\/en\\\/product\\\/reprogramacion-toefl-itp\\\/#breadcrumb\"},\"inLanguage\":\"en-US\",\"potentialAction\":[{\"@type\":\"ReadAction\",\"target\":[\"https:\\\/\\\/amigosfulbright.org\\\/en\\\/product\\\/reprogramacion-toefl-itp\\\/\"]}]},{\"@type\":\"ImageObject\",\"inLanguage\":\"en-US\",\"@id\":\"https:\\\/\\\/amigosfulbright.org\\\/en\\\/product\\\/reprogramacion-toefl-itp\\\/#primaryimage\",\"url\":\"https:\\\/\\\/amigosfulbright.org\\\/wp-content\\\/uploads\\\/2024\\\/12\\\/Puedes-contactarnos-Fundacion.png\",\"contentUrl\":\"https:\\\/\\\/amigosfulbright.org\\\/wp-content\\\/uploads\\\/2024\\\/12\\\/Puedes-contactarnos-Fundacion.png\",\"width\":796,\"height\":509,\"caption\":\"Puedes contactarnos Fundacion\"},{\"@type\":\"BreadcrumbList\",\"@id\":\"https:\\\/\\\/amigosfulbright.org\\\/en\\\/product\\\/reprogramacion-toefl-itp\\\/#breadcrumb\",\"itemListElement\":[{\"@type\":\"ListItem\",\"position\":1,\"name\":\"Inicio\",\"item\":\"https:\\\/\\\/amigosfulbright.org\\\/en\\\/home\\\/\"},{\"@type\":\"ListItem\",\"position\":2,\"name\":\"Shop\",\"item\":\"https:\\\/\\\/amigosfulbright.org\\\/en\\\/shop\\\/\"},{\"@type\":\"ListItem\",\"position\":3,\"name\":\"Reprogramaci\u00f3n examen TOEFL ITP\"}]},{\"@type\":\"WebSite\",\"@id\":\"https:\\\/\\\/amigosfulbright.org\\\/en\\\/#website\",\"url\":\"https:\\\/\\\/amigosfulbright.org\\\/en\\\/\",\"name\":\"amigosfulbright.org\",\"description\":\"\",\"potentialAction\":[{\"@type\":\"SearchAction\",\"target\":{\"@type\":\"EntryPoint\",\"urlTemplate\":\"https:\\\/\\\/amigosfulbright.org\\\/en\\\/?s={search_term_string}\"},\"query-input\":{\"@type\":\"PropertyValueSpecification\",\"valueRequired\":true,\"valueName\":\"search_term_string\"}}],\"inLanguage\":\"en-US\"}]}<\/script>\n<!-- \/ Yoast SEO plugin. -->","yoast_head_json":{"title":"Reprogramaci\u00f3n examen TOEFL ITP - amigosfulbright.org","robots":{"index":"index","follow":"follow","max-snippet":"max-snippet:-1","max-image-preview":"max-image-preview:large","max-video-preview":"max-video-preview:-1"},"canonical":"https:\/\/amigosfulbright.org\/en\/product\/reprogramacion-toefl-itp\/","og_locale":"en_US","og_type":"article","og_title":"Reprogramaci\u00f3n examen TOEFL ITP - amigosfulbright.org","og_description":"Pago requerido para realizar la reprogramaci\u00f3n del examen TOEFL ITP luego de usar la opci\u00f3n de reprogramar sin costo por \u00fanica vez. Luego de realizada la compra por favor enviar el comprobante de pago al correo toefl@amigosfulbright.org Si tienes dudas puedes consultar nuestros T\u00e9rminos y condiciones del examen TOEFL ITP.","og_url":"https:\/\/amigosfulbright.org\/en\/product\/reprogramacion-toefl-itp\/","og_site_name":"amigosfulbright.org","article_modified_time":"2026-02-14T15:36:16+00:00","og_image":[{"width":796,"height":509,"url":"https:\/\/amigosfulbright.org\/wp-content\/uploads\/2024\/12\/Puedes-contactarnos-Fundacion.png","type":"image\/png"}],"twitter_card":"summary_large_image","twitter_misc":{"Est. reading time":"1 minute"},"schema":{"@context":"https:\/\/schema.org","@graph":[{"@type":"WebPage","@id":"https:\/\/amigosfulbright.org\/en\/product\/reprogramacion-toefl-itp\/","url":"https:\/\/amigosfulbright.org\/en\/product\/reprogramacion-toefl-itp\/","name":"Reprogramaci\u00f3n examen TOEFL ITP - amigosfulbright.org","isPartOf":{"@id":"https:\/\/amigosfulbright.org\/en\/#website"},"primaryImageOfPage":{"@id":"https:\/\/amigosfulbright.org\/en\/product\/reprogramacion-toefl-itp\/#primaryimage"},"image":{"@id":"https:\/\/amigosfulbright.org\/en\/product\/reprogramacion-toefl-itp\/#primaryimage"},"thumbnailUrl":"https:\/\/amigosfulbright.org\/wp-content\/uploads\/2024\/12\/Puedes-contactarnos-Fundacion.png","datePublished":"2026-02-12T20:24:27+00:00","dateModified":"2026-02-14T15:36:16+00:00","breadcrumb":{"@id":"https:\/\/amigosfulbright.org\/en\/product\/reprogramacion-toefl-itp\/#breadcrumb"},"inLanguage":"en-US","potentialAction":[{"@type":"ReadAction","target":["https:\/\/amigosfulbright.org\/en\/product\/reprogramacion-toefl-itp\/"]}]},{"@type":"ImageObject","inLanguage":"en-US","@id":"https:\/\/amigosfulbright.org\/en\/product\/reprogramacion-toefl-itp\/#primaryimage","url":"https:\/\/amigosfulbright.org\/wp-content\/uploads\/2024\/12\/Puedes-contactarnos-Fundacion.png","contentUrl":"https:\/\/amigosfulbright.org\/wp-content\/uploads\/2024\/12\/Puedes-contactarnos-Fundacion.png","width":796,"height":509,"caption":"Puedes contactarnos Fundacion"},{"@type":"BreadcrumbList","@id":"https:\/\/amigosfulbright.org\/en\/product\/reprogramacion-toefl-itp\/#breadcrumb","itemListElement":[{"@type":"ListItem","position":1,"name":"Inicio","item":"https:\/\/amigosfulbright.org\/en\/home\/"},{"@type":"ListItem","position":2,"name":"Shop","item":"https:\/\/amigosfulbright.org\/en\/shop\/"},{"@type":"ListItem","position":3,"name":"Reprogramaci\u00f3n examen TOEFL ITP"}]},{"@type":"WebSite","@id":"https:\/\/amigosfulbright.org\/en\/#website","url":"https:\/\/amigosfulbright.org\/en\/","name":"amigosfulbright.org","description":"","potentialAction":[{"@type":"SearchAction","target":{"@type":"EntryPoint","urlTemplate":"https:\/\/amigosfulbright.org\/en\/?s={search_term_string}"},"query-input":{"@type":"PropertyValueSpecification","valueRequired":true,"valueName":"search_term_string"}}],"inLanguage":"en-US"}]}},"_links":{"self":[{"href":"https:\/\/amigosfulbright.org\/en\/wp-json\/wp\/v2\/product\/8444","targetHints":{"allow":["GET"]}}],"collection":[{"href":"https:\/\/amigosfulbright.org\/en\/wp-json\/wp\/v2\/product"}],"about":[{"href":"https:\/\/amigosfulbright.org\/en\/wp-json\/wp\/v2\/types\/product"}],"wp:featuredmedia":[{"embeddable":true,"href":"https:\/\/amigosfulbright.org\/en\/wp-json\/wp\/v2\/media\/294"}],"wp:attachment":[{"href":"https:\/\/amigosfulbright.org\/en\/wp-json\/wp\/v2\/media?parent=8444"}],"wp:term":[{"taxonomy":"product_brand","embeddable":true,"href":"https:\/\/amigosfulbright.org\/en\/wp-json\/wp\/v2\/product_brand?post=8444"},{"taxonomy":"product_cat","embeddable":true,"href":"https:\/\/amigosfulbright.org\/en\/wp-json\/wp\/v2\/product_cat?post=8444"},{"taxonomy":"product_tag","embeddable":true,"href":"https:\/\/amigosfulbright.org\/en\/wp-json\/wp\/v2\/product_tag?post=8444"}],"curies":[{"name":"wp","href":"https:\/\/api.w.org\/{rel}","templated":true}]}}