{"id":1886,"date":"2025-02-13T18:28:07","date_gmt":"2025-02-13T23:28:07","guid":{"rendered":"https:\/\/amigosfulbright.org\/?post_type=product&#038;p=1886"},"modified":"2026-04-24T12:31:58","modified_gmt":"2026-04-24T17:31:58","slug":"toefl-itp-3-habilidades-0800-a-m","status":"publish","type":"product","link":"https:\/\/amigosfulbright.org\/en\/product\/toefl-itp-3-habilidades-0800-a-m\/","title":{"rendered":"TOEFL ITP\u00ae 3 Habilidades  08:00 A.M."},"content":{"rendered":"<p>INTERMEDIATE TO ADVANCED: CEFR range: A2 -C1<\/p>\n<p>El Remote Proctoring Solution for the TOEFL ITP \u00ae Exam es la soluci\u00f3n digital que permite a los candidatos presentar el TOEFL ITP desde casa. A trav\u00e9s de Bring Your Own Proctor (BYOP) para el examen TOEFL ITP\u00ae, los proctors (supervisores) podr\u00e1n observar a los candidatos y sus entornos durante la administraci\u00f3n de la prueba en tiempo real. 3 Habilidades Comprensi\u00f3n auditiva Estructura y expresi\u00f3n escrita Comprensi\u00f3n de lectura<\/p>\n<p>Comprensi\u00f3n auditiva \u2013 50 preguntas | 35 minutos<br \/>\nEstructura y expresi\u00f3n escrita \u2013 40 preguntas | 25 minutos<br \/>\nComprensi\u00f3n de lectura \u2013 50 preguntas | 55 minutos<\/p>\n<p>Tiempo total del test: 1 hora y 55 minutos<br \/>\nTotal de puntos: 310 Puntos A2 \u2013 677 Puntos C1<\/p>\n","protected":false},"excerpt":{"rendered":"<p>INTERMEDIATE TO ADVANCED: CEFR range: A2 -C1 El Remote Proctoring Solution for the TOEFL ITP \u00ae Exam es la soluci\u00f3n digital que permite a los candidatos presentar el TOEFL ITP desde casa. A trav\u00e9s de Bring Your Own Proctor (BYOP) para el examen TOEFL ITP\u00ae, los proctors (supervisores) podr\u00e1n observar a los candidatos y sus [&hellip;]<\/p>\n","protected":false},"featured_media":294,"template":"","meta":{"_acf_changed":false,"_joinchat":[]},"product_brand":[],"product_cat":[68,58],"product_tag":[],"class_list":{"0":"post-1886","1":"product","2":"type-product","3":"status-publish","4":"has-post-thumbnail","6":"product_cat-examenes-internacionales","7":"product_cat-itp3","9":"first","10":"instock","11":"sold-individually","12":"shipping-taxable","13":"purchasable","14":"product-type-variable"},"acf":[],"yoast_head":"<!-- This site is optimized with the Yoast SEO plugin v27.4 - https:\/\/yoast.com\/product\/yoast-seo-wordpress\/ -->\n<title>TOEFL ITP\u00ae 3 Habilidades 08:00 A.M. - amigosfulbright.org<\/title>\n<meta name=\"robots\" content=\"index, follow, max-snippet:-1, max-image-preview:large, max-video-preview:-1\" \/>\n<link rel=\"canonical\" href=\"https:\/\/amigosfulbright.org\/en\/product\/toefl-itp-3-habilidades-0800-a-m\/\" \/>\n<meta property=\"og:locale\" content=\"en_US\" \/>\n<meta property=\"og:type\" content=\"article\" \/>\n<meta property=\"og:title\" content=\"TOEFL ITP\u00ae 3 Habilidades 08:00 A.M. - amigosfulbright.org\" \/>\n<meta property=\"og:description\" content=\"INTERMEDIATE TO ADVANCED: CEFR range: A2 -C1 El Remote Proctoring Solution for the TOEFL ITP \u00ae Exam es la soluci\u00f3n digital que permite a los candidatos presentar el TOEFL ITP desde casa. A trav\u00e9s de Bring Your Own Proctor (BYOP) para el examen TOEFL ITP\u00ae, los proctors (supervisores) podr\u00e1n observar a los candidatos y sus [&hellip;]\" \/>\n<meta property=\"og:url\" content=\"https:\/\/amigosfulbright.org\/en\/product\/toefl-itp-3-habilidades-0800-a-m\/\" \/>\n<meta property=\"og:site_name\" content=\"amigosfulbright.org\" \/>\n<meta property=\"article:modified_time\" content=\"2026-04-24T17:31:58+00:00\" \/>\n<meta property=\"og:image\" content=\"https:\/\/amigosfulbright.org\/wp-content\/uploads\/2024\/12\/Puedes-contactarnos-Fundacion.png\" \/>\n\t<meta property=\"og:image:width\" content=\"796\" \/>\n\t<meta property=\"og:image:height\" content=\"509\" \/>\n\t<meta property=\"og:image:type\" content=\"image\/png\" \/>\n<meta name=\"twitter:card\" content=\"summary_large_image\" \/>\n<meta name=\"twitter:label1\" content=\"Est. reading time\" \/>\n\t<meta name=\"twitter:data1\" content=\"1 minute\" \/>\n<script type=\"application\/ld+json\" class=\"yoast-schema-graph\">{\"@context\":\"https:\\\/\\\/schema.org\",\"@graph\":[{\"@type\":\"WebPage\",\"@id\":\"https:\\\/\\\/amigosfulbright.org\\\/en\\\/product\\\/toefl-itp-3-habilidades-0800-a-m\\\/\",\"url\":\"https:\\\/\\\/amigosfulbright.org\\\/en\\\/product\\\/toefl-itp-3-habilidades-0800-a-m\\\/\",\"name\":\"TOEFL ITP\u00ae 3 Habilidades 08:00 A.M. - amigosfulbright.org\",\"isPartOf\":{\"@id\":\"https:\\\/\\\/amigosfulbright.org\\\/en\\\/#website\"},\"primaryImageOfPage\":{\"@id\":\"https:\\\/\\\/amigosfulbright.org\\\/en\\\/product\\\/toefl-itp-3-habilidades-0800-a-m\\\/#primaryimage\"},\"image\":{\"@id\":\"https:\\\/\\\/amigosfulbright.org\\\/en\\\/product\\\/toefl-itp-3-habilidades-0800-a-m\\\/#primaryimage\"},\"thumbnailUrl\":\"https:\\\/\\\/amigosfulbright.org\\\/wp-content\\\/uploads\\\/2024\\\/12\\\/Puedes-contactarnos-Fundacion.png\",\"datePublished\":\"2025-02-13T23:28:07+00:00\",\"dateModified\":\"2026-04-24T17:31:58+00:00\",\"breadcrumb\":{\"@id\":\"https:\\\/\\\/amigosfulbright.org\\\/en\\\/product\\\/toefl-itp-3-habilidades-0800-a-m\\\/#breadcrumb\"},\"inLanguage\":\"en-US\",\"potentialAction\":[{\"@type\":\"ReadAction\",\"target\":[\"https:\\\/\\\/amigosfulbright.org\\\/en\\\/product\\\/toefl-itp-3-habilidades-0800-a-m\\\/\"]}]},{\"@type\":\"ImageObject\",\"inLanguage\":\"en-US\",\"@id\":\"https:\\\/\\\/amigosfulbright.org\\\/en\\\/product\\\/toefl-itp-3-habilidades-0800-a-m\\\/#primaryimage\",\"url\":\"https:\\\/\\\/amigosfulbright.org\\\/wp-content\\\/uploads\\\/2024\\\/12\\\/Puedes-contactarnos-Fundacion.png\",\"contentUrl\":\"https:\\\/\\\/amigosfulbright.org\\\/wp-content\\\/uploads\\\/2024\\\/12\\\/Puedes-contactarnos-Fundacion.png\",\"width\":796,\"height\":509,\"caption\":\"Puedes contactarnos Fundacion\"},{\"@type\":\"BreadcrumbList\",\"@id\":\"https:\\\/\\\/amigosfulbright.org\\\/en\\\/product\\\/toefl-itp-3-habilidades-0800-a-m\\\/#breadcrumb\",\"itemListElement\":[{\"@type\":\"ListItem\",\"position\":1,\"name\":\"Inicio\",\"item\":\"https:\\\/\\\/amigosfulbright.org\\\/en\\\/home\\\/\"},{\"@type\":\"ListItem\",\"position\":2,\"name\":\"Shop\",\"item\":\"https:\\\/\\\/amigosfulbright.org\\\/en\\\/shop\\\/\"},{\"@type\":\"ListItem\",\"position\":3,\"name\":\"TOEFL ITP\u00ae 3 Habilidades 08:00 A.M.\"}]},{\"@type\":\"WebSite\",\"@id\":\"https:\\\/\\\/amigosfulbright.org\\\/en\\\/#website\",\"url\":\"https:\\\/\\\/amigosfulbright.org\\\/en\\\/\",\"name\":\"amigosfulbright.org\",\"description\":\"\",\"potentialAction\":[{\"@type\":\"SearchAction\",\"target\":{\"@type\":\"EntryPoint\",\"urlTemplate\":\"https:\\\/\\\/amigosfulbright.org\\\/en\\\/?s={search_term_string}\"},\"query-input\":{\"@type\":\"PropertyValueSpecification\",\"valueRequired\":true,\"valueName\":\"search_term_string\"}}],\"inLanguage\":\"en-US\"}]}<\/script>\n<!-- \/ Yoast SEO plugin. -->","yoast_head_json":{"title":"TOEFL ITP\u00ae 3 Habilidades 08:00 A.M. - amigosfulbright.org","robots":{"index":"index","follow":"follow","max-snippet":"max-snippet:-1","max-image-preview":"max-image-preview:large","max-video-preview":"max-video-preview:-1"},"canonical":"https:\/\/amigosfulbright.org\/en\/product\/toefl-itp-3-habilidades-0800-a-m\/","og_locale":"en_US","og_type":"article","og_title":"TOEFL ITP\u00ae 3 Habilidades 08:00 A.M. - amigosfulbright.org","og_description":"INTERMEDIATE TO ADVANCED: CEFR range: A2 -C1 El Remote Proctoring Solution for the TOEFL ITP \u00ae Exam es la soluci\u00f3n digital que permite a los candidatos presentar el TOEFL ITP desde casa. A trav\u00e9s de Bring Your Own Proctor (BYOP) para el examen TOEFL ITP\u00ae, los proctors (supervisores) podr\u00e1n observar a los candidatos y sus [&hellip;]","og_url":"https:\/\/amigosfulbright.org\/en\/product\/toefl-itp-3-habilidades-0800-a-m\/","og_site_name":"amigosfulbright.org","article_modified_time":"2026-04-24T17:31:58+00:00","og_image":[{"width":796,"height":509,"url":"https:\/\/amigosfulbright.org\/wp-content\/uploads\/2024\/12\/Puedes-contactarnos-Fundacion.png","type":"image\/png"}],"twitter_card":"summary_large_image","twitter_misc":{"Est. reading time":"1 minute"},"schema":{"@context":"https:\/\/schema.org","@graph":[{"@type":"WebPage","@id":"https:\/\/amigosfulbright.org\/en\/product\/toefl-itp-3-habilidades-0800-a-m\/","url":"https:\/\/amigosfulbright.org\/en\/product\/toefl-itp-3-habilidades-0800-a-m\/","name":"TOEFL ITP\u00ae 3 Habilidades 08:00 A.M. - amigosfulbright.org","isPartOf":{"@id":"https:\/\/amigosfulbright.org\/en\/#website"},"primaryImageOfPage":{"@id":"https:\/\/amigosfulbright.org\/en\/product\/toefl-itp-3-habilidades-0800-a-m\/#primaryimage"},"image":{"@id":"https:\/\/amigosfulbright.org\/en\/product\/toefl-itp-3-habilidades-0800-a-m\/#primaryimage"},"thumbnailUrl":"https:\/\/amigosfulbright.org\/wp-content\/uploads\/2024\/12\/Puedes-contactarnos-Fundacion.png","datePublished":"2025-02-13T23:28:07+00:00","dateModified":"2026-04-24T17:31:58+00:00","breadcrumb":{"@id":"https:\/\/amigosfulbright.org\/en\/product\/toefl-itp-3-habilidades-0800-a-m\/#breadcrumb"},"inLanguage":"en-US","potentialAction":[{"@type":"ReadAction","target":["https:\/\/amigosfulbright.org\/en\/product\/toefl-itp-3-habilidades-0800-a-m\/"]}]},{"@type":"ImageObject","inLanguage":"en-US","@id":"https:\/\/amigosfulbright.org\/en\/product\/toefl-itp-3-habilidades-0800-a-m\/#primaryimage","url":"https:\/\/amigosfulbright.org\/wp-content\/uploads\/2024\/12\/Puedes-contactarnos-Fundacion.png","contentUrl":"https:\/\/amigosfulbright.org\/wp-content\/uploads\/2024\/12\/Puedes-contactarnos-Fundacion.png","width":796,"height":509,"caption":"Puedes contactarnos Fundacion"},{"@type":"BreadcrumbList","@id":"https:\/\/amigosfulbright.org\/en\/product\/toefl-itp-3-habilidades-0800-a-m\/#breadcrumb","itemListElement":[{"@type":"ListItem","position":1,"name":"Inicio","item":"https:\/\/amigosfulbright.org\/en\/home\/"},{"@type":"ListItem","position":2,"name":"Shop","item":"https:\/\/amigosfulbright.org\/en\/shop\/"},{"@type":"ListItem","position":3,"name":"TOEFL ITP\u00ae 3 Habilidades 08:00 A.M."}]},{"@type":"WebSite","@id":"https:\/\/amigosfulbright.org\/en\/#website","url":"https:\/\/amigosfulbright.org\/en\/","name":"amigosfulbright.org","description":"","potentialAction":[{"@type":"SearchAction","target":{"@type":"EntryPoint","urlTemplate":"https:\/\/amigosfulbright.org\/en\/?s={search_term_string}"},"query-input":{"@type":"PropertyValueSpecification","valueRequired":true,"valueName":"search_term_string"}}],"inLanguage":"en-US"}]}},"_links":{"self":[{"href":"https:\/\/amigosfulbright.org\/en\/wp-json\/wp\/v2\/product\/1886","targetHints":{"allow":["GET"]}}],"collection":[{"href":"https:\/\/amigosfulbright.org\/en\/wp-json\/wp\/v2\/product"}],"about":[{"href":"https:\/\/amigosfulbright.org\/en\/wp-json\/wp\/v2\/types\/product"}],"wp:featuredmedia":[{"embeddable":true,"href":"https:\/\/amigosfulbright.org\/en\/wp-json\/wp\/v2\/media\/294"}],"wp:attachment":[{"href":"https:\/\/amigosfulbright.org\/en\/wp-json\/wp\/v2\/media?parent=1886"}],"wp:term":[{"taxonomy":"product_brand","embeddable":true,"href":"https:\/\/amigosfulbright.org\/en\/wp-json\/wp\/v2\/product_brand?post=1886"},{"taxonomy":"product_cat","embeddable":true,"href":"https:\/\/amigosfulbright.org\/en\/wp-json\/wp\/v2\/product_cat?post=1886"},{"taxonomy":"product_tag","embeddable":true,"href":"https:\/\/amigosfulbright.org\/en\/wp-json\/wp\/v2\/product_tag?post=1886"}],"curies":[{"name":"wp","href":"https:\/\/api.w.org\/{rel}","templated":true}]}}